{"id":156,"date":"2016-08-27T13:42:34","date_gmt":"2016-08-27T13:42:34","guid":{"rendered":"http:\/\/www.psywellness.com.sg\/Vietnamese\/?page_id=156"},"modified":"2016-09-01T20:47:44","modified_gmt":"2016-09-01T12:47:44","slug":"home","status":"publish","type":"page","link":"https:\/\/www.psywellness.com.sg\/Vietnamese\/","title":{"rendered":"Home"},"content":{"rendered":"<p>Ba\u0301c sy\u0303 lim Boon Leng la\u0300 ba\u0301c sy\u0303 chuy\u00ean khoa t\u00e2m th\u00e2\u0300n \u0111a\u0301ng tin c\u00e2\u0323y va\u0300 t\u00f4\u0301t bu\u0323ng. \u00d4ng t\u00f4\u0301t nghi\u00ea\u0323p va\u0300 co\u0301 b\u0103\u0300ng Tha\u0323c sy\u0303 Y khoa (Chuy\u00ean khoa t\u00e2m th\u00e2\u0300n ho\u0323c) t\u01b0\u0300 \u0110a\u0323i ho\u0323c Qu\u00f4\u0301c gia Singapore. \u00d4ng la\u0300 ba\u0301c sy\u0303 chuy\u00ean khoa t\u00e2m th\u00e2\u0300n ho\u0323c \u0111\u01b0\u01a1\u0323c c\u00f4ng nh\u00e2\u0323n cu\u0309a H\u00f4\u0323i \u0111\u00f4\u0300ng Ki\u00ea\u0309m \u0111i\u0323nh Chuy\u00ean gia, thu\u00f4\u0323c B\u00f4\u0323 Y t\u00ea\u0301<\/p>\n<p>\u00d4ng \u0111a\u0303 \u0111\u01b0\u01a1\u0323c \u0111a\u0300o ta\u0323o \u01a1\u0309 Vi\u00ea\u0323n S\u01b0\u0301c kho\u0309e T\u00e2m th\u00e2\u0300n (IMH) va\u0300 la\u0300 ba\u0301c sy\u0303 c\u00f4\u0301 v\u00e2\u0301n t\u00e2m ly\u0301 ta\u0323i B\u00ea\u0323nh vi\u00ea\u0323n Khoo Teck Puat tr\u01b0\u01a1\u0301c khi qua kha\u0301m t\u01b0. \u00d4ng \u0111a\u0303 t\u01b0\u0300ng la\u0300m C\u00f4\u0301 v\u00e2\u0301n cho B\u00ea\u0323nh vi\u00ea\u0323n \u0110a\u0323i ho\u0323c Singapore va\u0300 B\u00ea\u0323nh vi\u00ea\u0323n Alexandra. \u00d4ng \u0111a\u0303 t\u01b0\u0300ng la\u0300 Tr\u01a1\u0323 ly\u0301 Gia\u0301o s\u01b0 Ki\u00eam nhi\u00ea\u0323m ta\u0323i tr\u01b0\u01a1\u0300ng \u0110a\u0323i ho\u0323c Qu\u00f4\u0301c gia Singapore.<\/p>\n<p>Ba\u0301c sy\u0303 Lim co\u0301 th\u00ea\u0309 no\u0301i th\u00f4ng tha\u0323o ti\u00ea\u0301ng Anh va\u0300 Hoa (ti\u00ea\u0301ng Quan thoa\u0323i, Phu\u0301c ki\u00ea\u0301n, va\u0300 Qua\u0309ng \u0110\u00f4ng).<\/p>\n<p>\u00d4ng \u0111i\u00ea\u0300u tri\u0323 ca\u0301c b\u00ea\u0323nh nh\u00e2n trong n\u01b0\u01a1\u0301c, qu\u00f4\u0301c t\u00ea\u0301, va\u0300 ca\u0301c chuy\u00ean gia n\u01b0\u01a1\u0301c ngoa\u0300i va\u0300 \u0111\u0103\u0323c bi\u00ea\u0323t chuy\u00ean v\u00ea\u0300 tr\u00e2\u0300m ca\u0309m, va\u0300 r\u00f4\u0301i loa\u0323n t\u00e2m tra\u0323ng va\u0300 lo \u00e2u kha\u0301c cu\u0303ng nh\u01b0 r\u00f4\u0301i loa\u0323n t\u0103ng \u0111\u00f4\u0323ng gia\u0309m chu\u0301 y\u0301 (ADHD)\u01a1\u0309 ng\u01b0\u01a1\u0300i l\u01a1\u0301n va\u0300 t\u00e2m ly\u0301 thanh thi\u00ea\u0301n ni\u00ean.<\/p>\n<p>Ba\u0301c sy\u0303 Lim \u0111\u01b0\u01a1\u0323c c\u00e2\u0301p b\u0103\u0300ng ch\u01b0\u0301ng nh\u00e2\u0323n v\u00ea\u0300 Tr\u1ecb li\u1ec7u t\u00e2m l\u00fd qua chuy\u1ec3n \u0111\u1ed9ng m\u1eaft v\u00e0 t\u00e1i nh\u1eadn th\u1ee9c\u00a0(EMDR), Tri\u0323 li\u00ea\u0323u Nh\u00e2\u0323n th\u01b0\u0301c Ha\u0300nh vi (CBT) va\u0300 Th\u00f4i mi\u00ean.<\/p>\n","protected":false},"excerpt":{"rendered":"<p>Ba\u0301c sy\u0303 lim Boon Leng la\u0300 ba\u0301c sy\u0303 chuy\u00ean khoa t\u00e2m th\u00e2\u0300n \u0111a\u0301ng tin c\u00e2\u0323y va\u0300 t\u00f4\u0301t bu\u0323ng. \u00d4ng t\u00f4\u0301t nghi\u00ea\u0323p va\u0300 co\u0301 b\u0103\u0300ng Tha\u0323c sy\u0303 Y khoa (Chuy\u00ean khoa t\u00e2m th\u00e2\u0300n ho\u0323c) t\u01b0\u0300 \u0110a\u0323i ho\u0323c Qu\u00f4\u0301c gia Singapore. \u00d4ng la\u0300 ba\u0301c sy\u0303 chuy\u00ean khoa t\u00e2m th\u00e2\u0300n ho\u0323c \u0111\u01b0\u01a1\u0323c c\u00f4ng nh\u00e2\u0323n cu\u0309a H\u00f4\u0323i \u0111\u00f4\u0300ng Ki\u00ea\u0309m [&hellip;]<\/p>\n","protected":false},"author":1,"featured_media":159,"parent":0,"menu_order":0,"comment_status":"closed","ping_status":"closed","template":"","meta":{"_genesis_hide_title":false,"_genesis_hide_breadcrumbs":false,"_genesis_hide_singular_image":false,"_genesis_hide_footer_widgets":false,"_genesis_custom_body_class":"","_genesis_custom_post_class":"","_genesis_layout":"full-width-content","footnotes":""},"class_list":{"0":"post-156","1":"page","2":"type-page","3":"status-publish","4":"has-post-thumbnail","6":"entry"},"_links":{"self":[{"href":"https:\/\/www.psywellness.com.sg\/Vietnamese\/wp-json\/wp\/v2\/pages\/156","targetHints":{"allow":["GET"]}}],"collection":[{"href":"https:\/\/www.psywellness.com.sg\/Vietnamese\/wp-json\/wp\/v2\/pages"}],"about":[{"href":"https:\/\/www.psywellness.com.sg\/Vietnamese\/wp-json\/wp\/v2\/types\/page"}],"author":[{"embeddable":true,"href":"https:\/\/www.psywellness.com.sg\/Vietnamese\/wp-json\/wp\/v2\/users\/1"}],"replies":[{"embeddable":true,"href":"https:\/\/www.psywellness.com.sg\/Vietnamese\/wp-json\/wp\/v2\/comments?post=156"}],"version-history":[{"count":11,"href":"https:\/\/www.psywellness.com.sg\/Vietnamese\/wp-json\/wp\/v2\/pages\/156\/revisions"}],"predecessor-version":[{"id":407,"href":"https:\/\/www.psywellness.com.sg\/Vietnamese\/wp-json\/wp\/v2\/pages\/156\/revisions\/407"}],"wp:featuredmedia":[{"embeddable":true,"href":"https:\/\/www.psywellness.com.sg\/Vietnamese\/wp-json\/wp\/v2\/media\/159"}],"wp:attachment":[{"href":"https:\/\/www.psywellness.com.sg\/Vietnamese\/wp-json\/wp\/v2\/media?parent=156"}],"curies":[{"name":"wp","href":"https:\/\/api.w.org\/{rel}","templated":true}]}}