{"id":99,"date":"2016-05-04T11:31:10","date_gmt":"2016-05-04T11:31:10","guid":{"rendered":"http:\/\/www.psywellness.com.sg\/Vietnamese\/?page_id=99"},"modified":"2016-09-01T22:45:50","modified_gmt":"2016-09-01T14:45:50","slug":"mood-depression","status":"publish","type":"page","link":"https:\/\/www.psywellness.com.sg\/Vietnamese\/mood-depression\/","title":{"rendered":"Tr\u1ea7m c\u1ea3m (Depression)"},"content":{"rendered":"<p>T\u00e2m tr\u1ea1ng kh\u00f3 ch\u1ecbu, t\u1eeb ch\u1ed1i nh\u1eefng ngu\u1ed3n vui v\u1ed1n c\u00f3 c\u1ed9ng, gi\u1ea3m gi\u00e1c ngon mi\u1ec7ng, M\u1ea5t ng\u1ee7\uff0chay qu\u00ean, ngh\u0129 \u0111\u1ebfn c\u00e1i ch\u1ebft&#8230;<\/p>\n","protected":false},"excerpt":{"rendered":"<p>T\u00e2m tr\u1ea1ng kh\u00f3 ch\u1ecbu, t\u1eeb ch\u1ed1i nh\u1eefng ngu\u1ed3n vui v\u1ed1n c\u00f3 c\u1ed9ng, gi\u1ea3m gi\u00e1c ngon mi\u1ec7ng, M\u1ea5t ng\u1ee7\uff0chay qu\u00ean, ngh\u0129 \u0111\u1ebfn c\u00e1i ch\u1ebft&#8230;<\/p>\n","protected":false},"author":1,"featured_media":186,"parent":0,"menu_order":0,"comment_status":"closed","ping_status":"closed","template":"","meta":{"_genesis_hide_title":false,"_genesis_hide_breadcrumbs":false,"_genesis_hide_singular_image":false,"_genesis_hide_footer_widgets":false,"_genesis_custom_body_class":"","_genesis_custom_post_class":"","_genesis_layout":"","footnotes":""},"class_list":{"0":"post-99","1":"page","2":"type-page","3":"status-publish","4":"has-post-thumbnail","6":"entry"},"_links":{"self":[{"href":"https:\/\/www.psywellness.com.sg\/Vietnamese\/wp-json\/wp\/v2\/pages\/99","targetHints":{"allow":["GET"]}}],"collection":[{"href":"https:\/\/www.psywellness.com.sg\/Vietnamese\/wp-json\/wp\/v2\/pages"}],"about":[{"href":"https:\/\/www.psywellness.com.sg\/Vietnamese\/wp-json\/wp\/v2\/types\/page"}],"author":[{"embeddable":true,"href":"https:\/\/www.psywellness.com.sg\/Vietnamese\/wp-json\/wp\/v2\/users\/1"}],"replies":[{"embeddable":true,"href":"https:\/\/www.psywellness.com.sg\/Vietnamese\/wp-json\/wp\/v2\/comments?post=99"}],"version-history":[{"count":13,"href":"https:\/\/www.psywellness.com.sg\/Vietnamese\/wp-json\/wp\/v2\/pages\/99\/revisions"}],"predecessor-version":[{"id":421,"href":"https:\/\/www.psywellness.com.sg\/Vietnamese\/wp-json\/wp\/v2\/pages\/99\/revisions\/421"}],"wp:featuredmedia":[{"embeddable":true,"href":"https:\/\/www.psywellness.com.sg\/Vietnamese\/wp-json\/wp\/v2\/media\/186"}],"wp:attachment":[{"href":"https:\/\/www.psywellness.com.sg\/Vietnamese\/wp-json\/wp\/v2\/media?parent=99"}],"curies":[{"name":"wp","href":"https:\/\/api.w.org\/{rel}","templated":true}]}}